{"id":6650,"date":"2024-11-21T19:01:57","date_gmt":"2024-11-21T18:01:57","guid":{"rendered":"https:\/\/brollartisan.com\/?page_id=6650"},"modified":"2026-04-13T15:05:15","modified_gmt":"2026-04-13T13:05:15","slug":"creation-video-produit","status":"publish","type":"page","link":"https:\/\/brollartisan.com\/en\/creation-video-produit\/","title":{"rendered":"Cr\u00e9ation de vid\u00e9o de produit cin\u00e9matique"},"content":{"rendered":"<div id=\"fws_69e03abfcd44c\"  data-column-margin=\"default\" data-midnight=\"dark\" data-bottom-percent=\"8%\"  class=\"wpb_row vc_row-fluid vc_row full-width-section standard_section\"  style=\"padding-top: 0px; padding-bottom: calc(100vw * 0.08); \"><div class=\"row-bg-wrap\" data-bg-animation=\"none\" data-bg-overlay=\"false\"><div class=\"inner-wrap\"><div class=\"row-bg using-bg-color\"  style=\"background-color: #f4f4f4; \"><\/div><\/div><div class=\"row-bg-overlay\" ><\/div><\/div><div class=\"row_col_wrap_12 col span_12 dark left\">\n\t<div  class=\"vc_col-sm-1 wpb_column column_container vc_column_container col no-extra-padding inherit_tablet inherit_phone\"  data-t-w-inherits=\"default\" data-bg-cover=\"\" data-padding-pos=\"all\" data-has-bg-color=\"false\" data-bg-color=\"\" data-bg-opacity=\"1\" data-hover-bg=\"\" data-hover-bg-opacity=\"1\" data-animation=\"\" data-delay=\"0\" >\n\t\t<div class=\"vc_column-inner\" ><div class=\"column-bg-overlay-wrap\" data-bg-animation=\"none\"><div class=\"column-bg-overlay\"><\/div><\/div>\n\t\t\t<div class=\"wpb_wrapper\">\n\t\t\t\t\n\t\t\t<\/div> \n\t\t<\/div>\n\t<\/div> \n\n\t<div  class=\"vc_col-sm-10 wpb_column column_container vc_column_container col centered-text padding-5-percent inherit_tablet inherit_phone\"  data-t-w-inherits=\"default\" data-bg-cover=\"\" data-padding-pos=\"all\" data-has-bg-color=\"false\" data-bg-color=\"\" data-bg-opacity=\"1\" data-hover-bg=\"\" data-hover-bg-opacity=\"1\" data-animation=\"\" data-delay=\"0\" >\n\t\t<div class=\"vc_column-inner\" ><div class=\"column-bg-overlay-wrap\" data-bg-animation=\"none\"><div class=\"column-bg-overlay\"><\/div><\/div>\n\t\t\t<div class=\"wpb_wrapper\">\n\t\t\t\t\r\n<div class=\"wpb_text_column wpb_content_element  vc_custom_1732215041768\" >\r\n\t<div class=\"wpb_wrapper\">\r\n\t\t<h2>Cr\u00e9ation de Vid\u00e9o de Produit<\/h2>\n\t<\/div>\r\n<\/div>\r\n\r\n\r\n\r\n<div class=\"divider-wrap\" data-alignment=\"default\"><div style=\"margin-top: 40px; width: 100px; height: 4px; margin-bottom: 40px;\" data-width=\"100\" data-animate=\"yes\" data-animation-delay=\"\" data-color=\"extra-color-gradient-2\" class=\"divider-small-border\"><\/div><\/div>\r\n<div class=\"wpb_text_column wpb_content_element  vc_custom_1732212100236\" style=\" max-width: 580px; display: inline-block;\">\r\n\t<div class=\"wpb_wrapper\">\r\n\t\t<p>Vous voulez augmenter vos ventes de votre boutique en ligne ?<\/p>\n<p>Pr\u00e9senter vos produits en vid\u00e9o permet d&rsquo;obtenir jusqu&rsquo;\u00e0 40% de trafic en plus sur votre site. De plus, <span class=\"BxUVEf ILfuVd\" lang=\"fr\"><span class=\"hgKElc\">77 % des consommateurs d\u00e9clenchent un processus d&rsquo;achat apr\u00e8s avoir regard\u00e9 une vid\u00e9o.<br \/>\n<\/span><\/span><\/p>\n<p>L&rsquo;\u00e9quipe de B\u00b7roll artisan dispose d&rsquo;un savoir-faire reconnu dans la r\u00e9alisation de vid\u00e9os de produits. Discutons de votre projet : <a href=\"https:\/\/brollartisan.com\/en\/contact\/\">Contactez-nous maintenant<\/a>.<\/p>\n\t<\/div>\r\n<\/div>\r\n\r\n\r\n\r\n<div class=\"nectar-video-box\" data-color=\"default-accent-color\"  data-play-button-size=\"default\" data-border-radius=\"none\" data-hover=\"defaut\" data-shadow=\"x_large_depth\"><div class=\"inner-wrap\"><a href=\"https:\/\/www.youtube.com\/watch?v=efeEX7Gm-hQ\" class=\"full-link pp\" rel=\"nofollow noopener\" target=\"_blank\"><\/a><img loading=\"lazy\" decoding=\"async\" width=\"2560\" height=\"1600\" src=\"https:\/\/brollartisan.com\/wp-content\/uploads\/2020\/12\/Hold-Fast-Rings-scaled.jpg\" class=\"attachment-full size-full\" alt=\"\" srcset=\"https:\/\/brollartisan.com\/wp-content\/uploads\/2020\/12\/Hold-Fast-Rings-scaled.jpg 2560w, https:\/\/brollartisan.com\/wp-content\/uploads\/2020\/12\/Hold-Fast-Rings-scaled-600x375.jpg 600w, https:\/\/brollartisan.com\/wp-content\/uploads\/2020\/12\/Hold-Fast-Rings-300x188.jpg 300w, https:\/\/brollartisan.com\/wp-content\/uploads\/2020\/12\/Hold-Fast-Rings-1024x640.jpg 1024w, https:\/\/brollartisan.com\/wp-content\/uploads\/2020\/12\/Hold-Fast-Rings-768x480.jpg 768w, https:\/\/brollartisan.com\/wp-content\/uploads\/2020\/12\/Hold-Fast-Rings-1536x960.jpg 1536w, https:\/\/brollartisan.com\/wp-content\/uploads\/2020\/12\/Hold-Fast-Rings-2048x1280.jpg 2048w\" sizes=\"auto, (max-width: 2560px) 100vw, 2560px\" \/><a href=\"https:\/\/www.youtube.com\/watch?v=efeEX7Gm-hQ\" data-style=\"default\" data-parent-hover=\"\" data-font-style=\"p\" data-color=\"default\" class=\"play_button_2 large nectar_video_lightbox pp\" rel=\"nofollow noopener\" target=\"_blank\"><span><span class=\"play\"><span class=\"inner-wrap\"><svg version=\"1.1\"\r\n\t xmlns=\"http:\/\/www.w3.org\/2000\/svg\" xmlns:xlink=\"http:\/\/www.w3.org\/1999\/xlink\" width=\"600px\" height=\"800px\" x=\"0px\" y=\"0px\" viewbox=\"0 0 600 800\" enable-background=\"new 0 0 600 800\" xml:space=\"preserve\"><path fill=\"none\" d=\"M0-1.79v800L600,395L0-1.79z\"><\/path> <\/svg><\/span><\/span><\/span><\/a><\/div><\/div>\r\n<div class=\"wpb_text_column wpb_content_element\" >\r\n\t<div class=\"wpb_wrapper\">\r\n\t\t<p>Exemple de vid\u00e9o de produits r\u00e9alis\u00e9e par B\u00b7roll artisan pour la marque de bijoux Clocks and Colours.<\/p>\n<p>L&rsquo;\u00e9quipe de B\u00b7Roll artisan peut vous accompagner de A \u00e0 Z pour cr\u00e9er une vid\u00e9o produit percutante qui vous permettra de sortir du lot et d&rsquo;atteindre vos objectifs. En moyenne, nos clients observent une augmentation de +34% de ventes lorsqu&rsquo;ils pr\u00e9sentent leurs produits en vid\u00e9o, par rapport \u00e0 une pr\u00e9sentation classique.<\/p>\n<p>Pr\u00eat \u00e0 obtenir des r\u00e9sultats similaires ? <a href=\"https:\/\/brollartisan.com\/en\/contact\/\">Contactez-nous maintenant<\/a>.<\/p>\n\t<\/div>\r\n<\/div>\r\n\r\n\r\n\r\n\n\t\t\t<\/div> \n\t\t<\/div>\n\t<\/div> \n\n\t<div  class=\"vc_col-sm-1 wpb_column column_container vc_column_container col no-extra-padding inherit_tablet inherit_phone\"  data-t-w-inherits=\"default\" data-bg-cover=\"\" data-padding-pos=\"all\" data-has-bg-color=\"false\" data-bg-color=\"\" data-bg-opacity=\"1\" data-hover-bg=\"\" data-hover-bg-opacity=\"1\" data-animation=\"\" data-delay=\"0\" >\n\t\t<div class=\"vc_column-inner\" ><div class=\"column-bg-overlay-wrap\" data-bg-animation=\"none\"><div class=\"column-bg-overlay\"><\/div><\/div>\n\t\t\t<div class=\"wpb_wrapper\">\n\t\t\t\t\n\t\t\t<\/div> \n\t\t<\/div>\n\t<\/div> \n<\/div><\/div>","protected":false},"excerpt":{"rendered":"Cr\u00e9ation de Vid\u00e9o de Produit Vous voulez augmenter vos ventes de votre boutique en ligne ? Pr\u00e9senter vos produits en vid\u00e9o permet d'obtenir jusqu'\u00e0 40% de trafic en plus sur...","protected":false},"author":1,"featured_media":6570,"parent":0,"menu_order":0,"comment_status":"closed","ping_status":"closed","template":"","meta":{"footnotes":""},"class_list":["post-6650","page","type-page","status-publish","has-post-thumbnail"],"_links":{"self":[{"href":"https:\/\/brollartisan.com\/en\/wp-json\/wp\/v2\/pages\/6650","targetHints":{"allow":["GET"]}}],"collection":[{"href":"https:\/\/brollartisan.com\/en\/wp-json\/wp\/v2\/pages"}],"about":[{"href":"https:\/\/brollartisan.com\/en\/wp-json\/wp\/v2\/types\/page"}],"author":[{"embeddable":true,"href":"https:\/\/brollartisan.com\/en\/wp-json\/wp\/v2\/users\/1"}],"replies":[{"embeddable":true,"href":"https:\/\/brollartisan.com\/en\/wp-json\/wp\/v2\/comments?post=6650"}],"version-history":[{"count":6,"href":"https:\/\/brollartisan.com\/en\/wp-json\/wp\/v2\/pages\/6650\/revisions"}],"predecessor-version":[{"id":6790,"href":"https:\/\/brollartisan.com\/en\/wp-json\/wp\/v2\/pages\/6650\/revisions\/6790"}],"wp:featuredmedia":[{"embeddable":true,"href":"https:\/\/brollartisan.com\/en\/wp-json\/wp\/v2\/media\/6570"}],"wp:attachment":[{"href":"https:\/\/brollartisan.com\/en\/wp-json\/wp\/v2\/media?parent=6650"}],"curies":[{"name":"wp","href":"https:\/\/api.w.org\/{rel}","templated":true}]}}