{"id":6598,"date":"2023-07-02T20:53:59","date_gmt":"2023-07-02T18:53:59","guid":{"rendered":"https:\/\/brollartisan.com\/produit\/t-shirt-unisexe-en-coton-biologique\/"},"modified":"2023-07-02T22:13:10","modified_gmt":"2023-07-02T20:13:10","slug":"t-shirt-instapirate","status":"publish","type":"product","link":"https:\/\/brollartisan.com\/en\/product\/t-shirt-instapirate\/","title":{"rendered":"T-shirt Instapirate"},"content":{"rendered":"<p>Le T-shirt des pirates sur Instagram.<br \/>\nFabriqu\u00e9 \u00e0 partir de coton 100\u00a0% biologique fil\u00e9 \u00e0 l&rsquo;anneau, ce T-shirt unisexe est un incontournable. Il est de haute qualit\u00e9, super confortable et respectueux de l&rsquo;environnement.<br \/>\n\u2022 Poids du tissu\u00a0: 180 g\/m\u00b2 (5,3 oz\/yd\u00b2), le poids peut varier de 5 %<\/p>","protected":false},"excerpt":{"rendered":"<p>Le T-shirt des pirates sur Instagram. Fabriqu\u00e9 \u00e0 partir de coton 100\u00a0% biologique fil\u00e9 \u00e0 l&rsquo;anneau, ce T-shirt unisexe est un incontournable. Il est de haute qualit\u00e9, super confortable et&#8230;<\/p>","protected":false},"featured_media":6606,"comment_status":"open","ping_status":"closed","template":"","meta":[],"product_brand":[],"product_cat":[74],"product_tag":[],"class_list":{"0":"post-6598","1":"product","2":"type-product","3":"status-publish","4":"has-post-thumbnail","6":"product_cat-non-classe","8":"first","9":"instock","10":"shipping-taxable","11":"purchasable","12":"product-type-variable"},"_links":{"self":[{"href":"https:\/\/brollartisan.com\/en\/wp-json\/wp\/v2\/product\/6598","targetHints":{"allow":["GET"]}}],"collection":[{"href":"https:\/\/brollartisan.com\/en\/wp-json\/wp\/v2\/product"}],"about":[{"href":"https:\/\/brollartisan.com\/en\/wp-json\/wp\/v2\/types\/product"}],"replies":[{"embeddable":true,"href":"https:\/\/brollartisan.com\/en\/wp-json\/wp\/v2\/comments?post=6598"}],"wp:featuredmedia":[{"embeddable":true,"href":"https:\/\/brollartisan.com\/en\/wp-json\/wp\/v2\/media\/6606"}],"wp:attachment":[{"href":"https:\/\/brollartisan.com\/en\/wp-json\/wp\/v2\/media?parent=6598"}],"wp:term":[{"taxonomy":"product_brand","embeddable":true,"href":"https:\/\/brollartisan.com\/en\/wp-json\/wp\/v2\/product_brand?post=6598"},{"taxonomy":"product_cat","embeddable":true,"href":"https:\/\/brollartisan.com\/en\/wp-json\/wp\/v2\/product_cat?post=6598"},{"taxonomy":"product_tag","embeddable":true,"href":"https:\/\/brollartisan.com\/en\/wp-json\/wp\/v2\/product_tag?post=6598"}],"curies":[{"name":"wp","href":"https:\/\/api.w.org\/{rel}","templated":true}]}}